{"id":1678,"date":"2025-01-27T12:25:50","date_gmt":"2025-01-27T12:25:50","guid":{"rendered":"https:\/\/mszerone.com\/?page_id=1678"},"modified":"2025-01-27T12:39:56","modified_gmt":"2025-01-27T12:39:56","slug":"terms-of-use","status":"publish","type":"page","link":"https:\/\/mszerone.com\/fr\/terms-of-use\/","title":{"rendered":"Conditions d'utilisation"},"content":{"rendered":"<h3 class=\"wp-block-heading\">1 &#8211; <strong>D\u00e9finitions<\/strong><\/h3>\n\n\n\n<p>Les d\u00e9finitions suivantes s'appliquent aux pr\u00e9sentes conditions g\u00e9n\u00e9rales :<\/p>\n\n\n\n<ul class=\"wp-block-list\">\n<li><strong>D\u00e9lai de r\u00e9flexion<\/strong>: Le d\u00e9lai pendant lequel le consommateur peut exercer son droit de r\u00e9tractation.<\/li>\n\n\n\n<li><strong>Consommateur \/ Consommatrice<\/strong>:Toute personne physique n'agissant pas dans le cadre d'une profession ou d'une activit\u00e9 commerciale qui conclut un contrat \u00e0 distance avec l'entrepreneur.<\/li>\n\n\n\n<li><strong>Jour<\/strong>:Jour calendaire.<\/li>\n\n\n\n<li><strong>Op\u00e9ration continue<\/strong>:Un contrat \u00e0 distance portant sur une s\u00e9rie de produits et\/ou de services pour lesquels les obligations de livraison et\/ou d'achat sont \u00e9tal\u00e9es dans le temps.<\/li>\n\n\n\n<li><strong>Support de stockage de donn\u00e9es durable<\/strong>:Tout support permettant au consommateur ou \u00e0 l'entrepreneur de stocker des informations qui lui sont adress\u00e9es personnellement d'une mani\u00e8re permettant leur consultation ult\u00e9rieure et leur reproduction sans modification.<\/li>\n\n\n\n<li><strong>Droit de r\u00e9tractation<\/strong>:La possibilit\u00e9 pour le consommateur de renoncer au contrat \u00e0 distance pendant le d\u00e9lai de r\u00e9flexion.<\/li>\n\n\n\n<li><strong>Formulaire standard<\/strong>: The form provided by the entrepreneur that the consumer may fill out to exercise their right of withdrawal.<\/li>\n\n\n\n<li><strong>Entrepreneuse \/ Entrepreneur<\/strong>:Toute personne physique ou morale qui propose \u00e0 distance des produits et\/ou des services aux consommateurs.<\/li>\n\n\n\n<li><strong>Contrat \u00e0 distance<\/strong>:Un contrat conclu dans le cadre d'un syst\u00e8me organis\u00e9 par l'entrepreneur pour la vente \u00e0 distance de produits et\/ou de services, en utilisant exclusivement une ou plusieurs techniques de communication \u00e0 distance jusqu'\u00e0 la conclusion du contrat.<\/li>\n\n\n\n<li><strong>Technique de communication \u00e0 distance<\/strong>:Tout moyen utilis\u00e9 pour conclure un contrat sans que le consommateur et l'entrepreneur soient physiquement pr\u00e9sents au m\u00eame moment dans un m\u00eame lieu.<\/li>\n\n\n\n<li><strong>Conditions g\u00e9n\u00e9rales<\/strong>:Ces conditions g\u00e9n\u00e9rales de vente de l'entrepreneur.<\/li>\n<\/ul>\n\n\n\n<hr class=\"wp-block-separator has-alpha-channel-opacity\"\/>\n\n\n\n<h3 class=\"wp-block-heading\">2 &#8211; <strong>Identit\u00e9 de l'entrepreneur<\/strong><\/h3>\n\n\n\n<p><strong>Mszerone.com<\/strong><br>SAS TENBAT<br>640 Avenue de l&#8217;Europe<br>13760 Saint Cannat, France<\/p>\n\n\n\n<ul class=\"wp-block-list\">\n<li><strong>T\u00e9l\u00e9phone<\/strong>: +33 605 59 05 40<\/li>\n\n\n\n<li><strong>Num\u00e9ro de TVA<\/strong>: FR29900425430<\/li>\n\n\n\n<li><strong>Email<\/strong>: <a>info@mszerone.com<\/a><\/li>\n<\/ul>\n\n\n\n<hr class=\"wp-block-separator has-alpha-channel-opacity\"\/>\n\n\n\n<h3 class=\"wp-block-heading\">3 &#8211; <strong>Applicabilit\u00e9<\/strong><\/h3>\n\n\n\n<p>Les pr\u00e9sentes conditions g\u00e9n\u00e9rales s'appliquent \u00e0 toutes les offres faites par l'entrepreneur ainsi qu'\u00e0 tous les contrats ou commandes \u00e0 distance conclus entre l'entrepreneur et le consommateur.<\/p>\n\n\n\n<p>Avant la signature d'un contrat \u00e0 distance, le consommateur re\u00e7oit un exemplaire des pr\u00e9sentes conditions g\u00e9n\u00e9rales. Si cela n'est pas possible, il sera indiqu\u00e9 avant la conclusion du contrat que ces conditions g\u00e9n\u00e9rales sont disponibles dans les locaux de l'entrepreneur et lui seront envoy\u00e9es gratuitement sur demande.<\/p>\n\n\n\n<p>Si le contrat est conclu par voie \u00e9lectronique, les pr\u00e9sentes conditions g\u00e9n\u00e9rales peuvent \u00eatre fournies au consommateur sous un format \u00e9lectronique facilement enregistrable sur un support durable. Si cela n'est pas possible, l'emplacement de la version en ligne sera indiqu\u00e9 et les conditions g\u00e9n\u00e9rales pourront \u00eatre envoy\u00e9es gratuitement sur demande, par voie \u00e9lectronique ou par un autre moyen.<\/p>\n\n\n\n<hr class=\"wp-block-separator has-alpha-channel-opacity\"\/>\n\n\n\n<h3 class=\"wp-block-heading\">4 &#8211; <strong>Offre<\/strong><\/h3>\n\n\n\n<ul class=\"wp-block-list\">\n<li>Si une offre est limit\u00e9e dans le temps ou soumise \u00e0 des conditions sp\u00e9cifiques, cela doit \u00eatre clairement indiqu\u00e9.<\/li>\n\n\n\n<li>Cette offre est sans engagement. L'entrepreneur se r\u00e9serve le droit de la modifier ou de l'ajuster \u00e0 tout moment.<\/li>\n\n\n\n<li>L'offre comprend une description claire et d\u00e9taill\u00e9e des produits et\/ou services propos\u00e9s.<\/li>\n\n\n\n<li>Les images utilis\u00e9es doivent refl\u00e9ter fid\u00e8lement les produits et\/ou services pr\u00e9sent\u00e9s. Cependant, l'entrepreneur ne garantit pas que les couleurs affich\u00e9es correspondent exactement aux couleurs r\u00e9elles des produits.<\/li>\n<\/ul>\n\n\n\n<hr class=\"wp-block-separator has-alpha-channel-opacity\"\/>\n\n\n\n<h3 class=\"wp-block-heading\">5 &#8211; <strong>Accord<\/strong><\/h3>\n\n\n\n<ul class=\"wp-block-list\">\n<li>Le contrat est conclu lorsque le consommateur accepte l'offre et respecte les conditions qui y sont \u00e9nonc\u00e9es.<\/li>\n\n\n\n<li>Si l'offre est accept\u00e9e par voie \u00e9lectronique, l'entrepreneur doit imm\u00e9diatement confirmer la r\u00e9ception de l'acceptation par le m\u00eame moyen. Sans cette confirmation, le consommateur peut r\u00e9silier le contrat.<\/li>\n\n\n\n<li>Pour les contrats conclus par voie \u00e9lectronique, l'entrepreneur met en \u0153uvre les mesures n\u00e9cessaires pour assurer un transfert s\u00e9curis\u00e9 des donn\u00e9es.<\/li>\n<\/ul>\n\n\n\n<hr class=\"wp-block-separator has-alpha-channel-opacity\"\/>\n\n\n\n<h3 class=\"wp-block-heading\">6 &#8211; <strong>Droit de r\u00e9tractation<\/strong><\/h3>\n\n\n\n<p><strong>Pour les livraisons de produits :<\/strong><br>Le consommateur peut se r\u00e9tracter du contrat sans donner de motif dans un d\u00e9lai de 14 jours. Ce d\u00e9lai court \u00e0 compter du lendemain de la r\u00e9ception du bien par le consommateur ou un tiers d\u00e9sign\u00e9.<\/p>\n\n\n\n<hr class=\"wp-block-separator has-alpha-channel-opacity\"\/>\n\n\n\n<h3 class=\"wp-block-heading\">7 &#8211; <strong>Frais en cas de r\u00e9tractation<\/strong><\/h3>\n\n\n\n<p>Les frais de retour sont \u00e0 la charge du consommateur en cas de r\u00e9tractation. Le remboursement sera effectu\u00e9 au plus tard 14 jours apr\u00e8s r\u00e9ception du produit retourn\u00e9.<\/p>\n\n\n\n<hr class=\"wp-block-separator has-alpha-channel-opacity\"\/>\n\n\n\n<h3 class=\"wp-block-heading\">8 &#8211; <strong>Litiges<\/strong><\/h3>\n\n\n\n<p>Tous les contrats sont r\u00e9gis par le droit fran\u00e7ais, m\u00eame si le consommateur r\u00e9side dans un autre pays.<\/p>","protected":false},"excerpt":{"rendered":"<p>1 &#8211; Definitions The following definitions apply to these general terms and conditions: 2 &#8211; Identity of the Entrepreneur Mszerone.comSAS TENBAT640 Avenue de l&#8217;Europe13760 Saint Cannat, France 3 &#8211; Applicability These general terms and conditions apply to all offers made by the entrepreneur as well as to all distance contracts or orders concluded between the&#8230;<\/p>","protected":false},"author":2,"featured_media":0,"parent":0,"menu_order":0,"comment_status":"closed","ping_status":"closed","template":"","meta":{"_kad_post_transparent":"","_kad_post_title":"","_kad_post_layout":"","_kad_post_sidebar_id":"","_kad_post_content_style":"","_kad_post_vertical_padding":"","_kad_post_feature":"","_kad_post_feature_position":"","_kad_post_header":false,"_kad_post_footer":false,"_kad_post_classname":"","footnotes":""},"class_list":["post-1678","page","type-page","status-publish","hentry"],"aioseo_notices":[],"brizy_media":[],"_links":{"self":[{"href":"https:\/\/mszerone.com\/fr\/wp-json\/wp\/v2\/pages\/1678","targetHints":{"allow":["GET"]}}],"collection":[{"href":"https:\/\/mszerone.com\/fr\/wp-json\/wp\/v2\/pages"}],"about":[{"href":"https:\/\/mszerone.com\/fr\/wp-json\/wp\/v2\/types\/page"}],"author":[{"embeddable":true,"href":"https:\/\/mszerone.com\/fr\/wp-json\/wp\/v2\/users\/2"}],"replies":[{"embeddable":true,"href":"https:\/\/mszerone.com\/fr\/wp-json\/wp\/v2\/comments?post=1678"}],"version-history":[{"count":2,"href":"https:\/\/mszerone.com\/fr\/wp-json\/wp\/v2\/pages\/1678\/revisions"}],"predecessor-version":[{"id":1681,"href":"https:\/\/mszerone.com\/fr\/wp-json\/wp\/v2\/pages\/1678\/revisions\/1681"}],"wp:attachment":[{"href":"https:\/\/mszerone.com\/fr\/wp-json\/wp\/v2\/media?parent=1678"}],"curies":[{"name":"wp","href":"https:\/\/api.w.org\/{rel}","templated":true}]}}