{"id":2929,"date":"2026-01-01T15:00:41","date_gmt":"2026-01-01T15:00:41","guid":{"rendered":"https:\/\/mszerone.com\/?post_type=product&#038;p=2929"},"modified":"2026-02-04T14:30:36","modified_gmt":"2026-02-04T14:30:36","slug":"ms-zerone-flexirest","status":"publish","type":"product","link":"https:\/\/mszerone.com\/fr\/produit\/ms-zerone-flexirest\/","title":{"rendered":"Ms.Zerone Flexirest"},"content":{"rendered":"<h2 data-start=\"226\" data-end=\"254\"><strong data-start=\"229\" data-end=\"252\">MS.ZERONE FLEXIREST<\/strong><\/h2>\n<h2 data-start=\"226\" data-end=\"254\"><em data-start=\"259\" data-end=\"293\">Bougez, m\u00eame en position assise.<\/em><\/h2>\n<p data-start=\"295\" data-end=\"696\">Con\u00e7u pour le bureau et le t\u00e9l\u00e9travail, <strong data-start=\"335\" data-end=\"358\">MS.ZERONE FLEXIREST<\/strong> est un repose-pieds ergonomique nouvelle g\u00e9n\u00e9ration qui transforme la position assise en une exp\u00e9rience active, confortable et saine.<br data-start=\"492\" data-end=\"495\" \/>Rester assis de longues heures peut provoquer douleurs dorsales, mauvaise posture et troubles de la circulation. Flexirest a \u00e9t\u00e9 pens\u00e9 pour y rem\u00e9dier efficacement, sans quitter votre poste de travail.<\/p>\n<p data-start=\"698\" data-end=\"946\">Gr\u00e2ce \u00e0 son <strong data-start=\"710\" data-end=\"740\">syst\u00e8me int\u00e9gr\u00e9 \u00e0 rouleaux<\/strong>, Flexirest met vos pieds en mouvement avec un <strong data-start=\"787\" data-end=\"811\">flux doux et naturel<\/strong>, r\u00e9duisant les tensions musculaires, stimulant la circulation sanguine et favorisant une posture dynamique tout au long de la journ\u00e9e.<\/p>\n<p data-start=\"698\" data-end=\"946\">\ud83d\udd04 <strong data-start=\"960\" data-end=\"989\">Mouvement fluide et actif<\/strong><\/p>\n<p data-start=\"990\" data-end=\"1162\">Les rouleaux assurent un mouvement continu et contr\u00f4l\u00e9 qui maintient le corps actif, soulage la fatigue des jambes et am\u00e9liore le confort lors des longues p\u00e9riodes assises.<\/p>\n<h3 data-start=\"1164\" data-end=\"1211\">\ud83e\uddb6 <strong data-start=\"1171\" data-end=\"1211\">Utilisation double face intelligente<\/strong><\/h3>\n<ul data-start=\"1212\" data-end=\"1480\">\n<li data-start=\"1212\" data-end=\"1299\">\n<p data-start=\"1214\" data-end=\"1299\"><strong data-start=\"1214\" data-end=\"1238\">Face mate \u00e9cologique<\/strong> : id\u00e9ale pour une utilisation pieds nus, douce et agr\u00e9able<\/p>\n<\/li>\n<li data-start=\"1300\" data-end=\"1480\">\n<p data-start=\"1302\" data-end=\"1480\"><strong data-start=\"1302\" data-end=\"1324\">Face antid\u00e9rapante<\/strong> : bandes abrasives en caoutchouc pour une utilisation avec chaussures<br data-start=\"1394\" data-end=\"1397\" \/>Le passage d\u2019une face \u00e0 l\u2019autre se fait facilement gr\u00e2ce \u00e0 la <strong data-start=\"1459\" data-end=\"1479\">poign\u00e9e int\u00e9gr\u00e9e<\/strong>.<\/p>\n<\/li>\n<\/ul>\n<h3 data-start=\"1482\" data-end=\"1509\">\ud83d\udccf <strong data-start=\"1489\" data-end=\"1509\">Hauteur r\u00e9glable<\/strong><\/h3>\n<p data-start=\"1510\" data-end=\"1654\">Le m\u00e9canisme de r\u00e9glage permet une adaptation pr\u00e9cise \u00e0 chaque utilisateur et \u00e0 tous types de bureaux, pour un confort ergonomique personnalis\u00e9.<\/p>\n<h3 data-start=\"1656\" data-end=\"1703\">\ud83c\udf32 <strong data-start=\"1663\" data-end=\"1703\">Mat\u00e9riaux durables et design moderne<\/strong><\/h3>\n<ul data-start=\"1704\" data-end=\"1908\">\n<li data-start=\"1704\" data-end=\"1738\">\n<p data-start=\"1706\" data-end=\"1738\">Plateau en <strong data-start=\"1717\" data-end=\"1738\">bois massif verni<\/strong><\/p>\n<\/li>\n<li data-start=\"1739\" data-end=\"1908\">\n<p data-start=\"1741\" data-end=\"1908\">Structure en <strong data-start=\"1754\" data-end=\"1774\">acier peint noir<\/strong>, stable et robuste<br data-start=\"1793\" data-end=\"1796\" \/>Un design minimaliste et \u00e9l\u00e9gant qui s\u2019int\u00e8gre parfaitement dans tout environnement professionnel ou domestique.<\/p>\n<\/li>\n<\/ul>\n<h3 data-start=\"1910\" data-end=\"1947\">\ud83d\udcd0 <strong data-start=\"1917\" data-end=\"1947\">Format compact et pratique<\/strong><\/h3>\n<p data-start=\"1948\" data-end=\"2046\">Dimensions : <strong data-start=\"1961\" data-end=\"1979\">40 \u00d7 30 \u00d7 2 cm<\/strong><br data-start=\"1979\" data-end=\"1982\" \/>L\u00e9ger, discret et facile \u00e0 installer, m\u00eame sous des bureaux bas.<\/p>\n<h3 data-start=\"2053\" data-end=\"2088\">\ud83d\udca1 Pourquoi choisir Flexirest ?<\/h3>\n<p data-start=\"2089\" data-end=\"2266\">\u2714 Favorise une posture saine<br data-start=\"2117\" data-end=\"2120\" \/>\u2714 R\u00e9duit la fatigue et les tensions musculaires<br data-start=\"2167\" data-end=\"2170\" \/>\u2714 Am\u00e9liore le confort et la productivit\u00e9<br data-start=\"2210\" data-end=\"2213\" \/>\u2714 Convient au bureau, \u00e0 la maison et au t\u00e9l\u00e9travail<\/p>\n<p data-start=\"2268\" data-end=\"2432\">\ud83d\udc49 <strong data-start=\"2271\" data-end=\"2294\">MS.ZERONE FLEXIREST<\/strong> : transformez chaque moment assis en un mouvement b\u00e9n\u00e9fique et adoptez une nouvelle fa\u00e7on de travailler, plus active et plus confortable.<\/p>","protected":false},"excerpt":{"rendered":"<p><strong>MS.ZERONE FLEXIREST<\/strong> est un repose-pieds ergonomique \u00e0 rouleaux con\u00e7u pour rester actif m\u00eame en position assise. Il stimule la circulation, r\u00e9duit la fatigue et am\u00e9liore la posture au bureau ou en t\u00e9l\u00e9travail.<\/p>\n<ul>\n<li>\ud83d\udd04 Mouvement fluide \u00e0 rouleaux<\/li>\n<li>\ud83e\uddb6 Double face : pieds nus ou avec chaussures<\/li>\n<li>\ud83d\udccf Hauteur r\u00e9glable pour un confort personnalis\u00e9<\/li>\n<li>\ud83c\udf32 Bois massif &amp; structure en acier robuste<\/li>\n<\/ul>","protected":false},"featured_media":2944,"comment_status":"open","ping_status":"closed","template":"","meta":{"_kad_post_transparent":"default","_kad_post_title":"","_kad_post_layout":"default","_kad_post_sidebar_id":"","_kad_post_content_style":"default","_kad_post_vertical_padding":"default","_kad_post_feature":"","_kad_post_feature_position":"","_kad_post_header":false,"_kad_post_footer":false,"_kad_post_classname":""},"product_brand":[28],"product_cat":[27],"product_tag":[],"class_list":{"0":"post-2929","1":"product","2":"type-product","3":"status-publish","4":"has-post-thumbnail","6":"product_brand-ms-zerone","7":"product_cat-ergonomy","9":"first","10":"instock","11":"sale","12":"shipping-taxable","13":"purchasable","14":"product-type-simple","15":"entry","16":"content-bg","17":"loop-entry"},"aioseo_notices":[],"brizy_media":[],"_links":{"self":[{"href":"https:\/\/mszerone.com\/fr\/wp-json\/wp\/v2\/product\/2929","targetHints":{"allow":["GET"]}}],"collection":[{"href":"https:\/\/mszerone.com\/fr\/wp-json\/wp\/v2\/product"}],"about":[{"href":"https:\/\/mszerone.com\/fr\/wp-json\/wp\/v2\/types\/product"}],"replies":[{"embeddable":true,"href":"https:\/\/mszerone.com\/fr\/wp-json\/wp\/v2\/comments?post=2929"}],"wp:featuredmedia":[{"embeddable":true,"href":"https:\/\/mszerone.com\/fr\/wp-json\/wp\/v2\/media\/2944"}],"wp:attachment":[{"href":"https:\/\/mszerone.com\/fr\/wp-json\/wp\/v2\/media?parent=2929"}],"wp:term":[{"taxonomy":"product_brand","embeddable":true,"href":"https:\/\/mszerone.com\/fr\/wp-json\/wp\/v2\/product_brand?post=2929"},{"taxonomy":"product_cat","embeddable":true,"href":"https:\/\/mszerone.com\/fr\/wp-json\/wp\/v2\/product_cat?post=2929"},{"taxonomy":"product_tag","embeddable":true,"href":"https:\/\/mszerone.com\/fr\/wp-json\/wp\/v2\/product_tag?post=2929"}],"curies":[{"name":"wp","href":"https:\/\/api.w.org\/{rel}","templated":true}]}}