{"id":2959,"date":"2026-01-15T11:26:41","date_gmt":"2026-01-15T11:26:41","guid":{"rendered":"https:\/\/mszerone.com\/?post_type=product&#038;p=2959"},"modified":"2026-02-04T15:14:39","modified_gmt":"2026-02-04T15:14:39","slug":"ms-zerone-reflexwood","status":"publish","type":"product","link":"https:\/\/mszerone.com\/fr\/produit\/ms-zerone-reflexwood\/","title":{"rendered":"Ms.Zerone Reflexwood"},"content":{"rendered":"<p data-start=\"0\" data-end=\"39\"><strong data-start=\"0\" data-end=\"39\">Ms.Zerone REFLEXWOOD\u00a0<\/strong><\/p>\n<p data-start=\"41\" data-end=\"116\">Bougez, d\u00e9tendez-vous et rechargez votre \u00e9nergie\u2026 m\u00eame en position assise !<\/p>\n<p data-start=\"118\" data-end=\"505\">\ud83e\ude91 <strong data-start=\"121\" data-end=\"168\">Design ergonomique \u2013 pour une posture saine<\/strong><br data-start=\"168\" data-end=\"171\" \/>Rester assis longtemps peut provoquer des douleurs au dos et aux jambes, ainsi que des troubles de la circulation.<br data-start=\"285\" data-end=\"288\" \/>Le <strong data-start=\"291\" data-end=\"315\">Ms.Zerone Reflexwood<\/strong> est un repose-pieds ergonomique qui apporte une solution efficace gr\u00e2ce \u00e0 son <strong data-start=\"394\" data-end=\"424\">l\u00e9ger mouvement de bascule<\/strong>, sa <strong data-start=\"429\" data-end=\"466\">surface de massage r\u00e9flexologique<\/strong> et son <strong data-start=\"474\" data-end=\"504\">design pliable et portable<\/strong>.<\/p>\n<p data-start=\"507\" data-end=\"787\">\ud83d\udd04 <strong data-start=\"510\" data-end=\"543\">Mouvement de balancement doux<\/strong><br data-start=\"543\" data-end=\"546\" \/>Le l\u00e9ger mouvement avant-arri\u00e8re stimule la circulation sanguine, r\u00e9duit la fatigue des jambes et maintient le corps actif, m\u00eame lors d\u2019une position assise prolong\u00e9e. Il favorise une posture correcte et aide \u00e0 soulager les douleurs dorsales.<\/p>\n<p data-start=\"789\" data-end=\"1008\">\ud83e\uddb6 <strong data-start=\"792\" data-end=\"829\">Surface de massage r\u00e9flexologique<\/strong><br data-start=\"829\" data-end=\"832\" \/>Les points de massage stimulent les terminaisons nerveuses sous la vo\u00fbte plantaire, r\u00e9duisent le stress, procurent une relaxation profonde et contribuent \u00e0 recharger l\u2019\u00e9nergie.<\/p>\n<p data-start=\"1010\" data-end=\"1218\">\ud83c\udf32 <strong data-start=\"1013\" data-end=\"1047\">Fabriqu\u00e9 en bois massif de pin<\/strong><br data-start=\"1047\" data-end=\"1050\" \/>Le bois naturel est plus durable que le plastique et offre une utilisation plus saine, tout en apportant une touche esth\u00e9tique et chaleureuse \u00e0 votre espace de travail.<\/p>\n<p data-start=\"1220\" data-end=\"1475\">\ud83e\uddf3 <strong data-start=\"1223\" data-end=\"1258\">Pliable et facile \u00e0 transporter<\/strong><br data-start=\"1258\" data-end=\"1261\" \/>Gr\u00e2ce \u00e0 son syst\u00e8me de charni\u00e8res pliables et \u00e0 sa poign\u00e9e de transport, il se d\u00e9place facilement et s\u2019installe en quelques secondes. Id\u00e9al pour la maison, le bureau ou tout lieu n\u00e9cessitant un confort ergonomique.<\/p>\n<p data-start=\"1477\" data-end=\"1661\">\ud83d\udee1\ufe0f <strong data-start=\"1481\" data-end=\"1525\">Utilisation antid\u00e9rapante et silencieuse<\/strong><br data-start=\"1525\" data-end=\"1528\" \/>Les patins en caoutchouc adh\u00e8rent parfaitement au sol, emp\u00eachent le glissement et garantissent une utilisation stable et silencieuse.<\/p>\n<p data-start=\"1663\" data-end=\"1853\">\ud83d\udccf <strong data-start=\"1666\" data-end=\"1710\">Dimensions compactes : 40 \u00d7 29 \u00d7 11,6 cm<\/strong><br data-start=\"1710\" data-end=\"1713\" \/>Se glisse ais\u00e9ment sous n\u2019importe quel bureau et offre une surface g\u00e9n\u00e9reuse pour un confort optimal, m\u00eame lors d\u2019une utilisation prolong\u00e9e.<\/p>\n<p data-start=\"1855\" data-end=\"1949\" data-is-last-node=\"\" data-is-only-node=\"\">\ud83d\udc49 <strong data-start=\"1858\" data-end=\"1949\" data-is-last-node=\"\">Avec Reflexwood, am\u00e9liorez votre confort quotidien tout en prenant soin de votre sant\u00e9<\/strong><\/p>\n<p data-start=\"1855\" data-end=\"1949\" data-is-last-node=\"\" data-is-only-node=\"\">Click here to download<strong> <a title=\"Ms.Zerone Reflexwood\" href=\"https:\/\/mszerone.com\/wp-content\/uploads\/2026\/01\/Reflexwod-Manuel-dInstallation.pdf\">installation guide.<\/a><\/strong><\/p>","protected":false},"excerpt":{"rendered":"<p><strong>Ms.Zerone REFLEXWOOD<\/strong> est un repose-pieds ergonomique en bois naturel, con\u00e7u pour am\u00e9liorer la posture, stimuler la circulation et r\u00e9duire la fatigue en position assise.<\/p>\n<ul>\n<li>\ud83d\udd04 Mouvement de balancement doux pour activer la circulation<\/li>\n<li>\ud83e\uddb6 Surface de massage r\u00e9flexologique relaxante<\/li>\n<li>\ud83c\udf32 Bois massif de pin, durable et esth\u00e9tique<\/li>\n<li>\ud83e\uddf3 Pliable, l\u00e9ger et facile \u00e0 transporter<\/li>\n<li>\ud83d\udee1\ufe0f Antid\u00e9rapant et silencieux<\/li>\n<\/ul>\n<p><strong>Dimensions :<\/strong> 40 \u00d7 29 \u00d7 11,6 cm<br \/>\nId\u00e9al pour le bureau, la maison ou le t\u00e9l\u00e9travail.<\/p>","protected":false},"featured_media":3057,"comment_status":"closed","ping_status":"closed","template":"","meta":{"_kad_post_transparent":"default","_kad_post_title":"","_kad_post_layout":"default","_kad_post_sidebar_id":"","_kad_post_content_style":"default","_kad_post_vertical_padding":"default","_kad_post_feature":"","_kad_post_feature_position":"","_kad_post_header":false,"_kad_post_footer":false,"_kad_post_classname":""},"product_brand":[28],"product_cat":[27],"product_tag":[124,130,125,129,123,131,127,126,128],"class_list":{"0":"post-2959","1":"product","2":"type-product","3":"status-publish","4":"has-post-thumbnail","6":"product_brand-ms-zerone","7":"product_cat-ergonomy","8":"product_tag-accessoire-bureau-sante","9":"product_tag-accessoire-ergonomique-portable","10":"product_tag-reflexologie-plantaire-bois","11":"product_tag-repose-pieds-en-bois-naturel","12":"product_tag-repose-pieds-ergonomique","13":"product_tag-repose-pieds-pliable-design","14":"product_tag-soulagement-douleurs-dos","15":"product_tag-stimulateur-circulation-sanguine","16":"product_tag-support-pieds-massage","18":"first","19":"instock","20":"sale","21":"shipping-taxable","22":"purchasable","23":"product-type-simple","24":"entry","25":"content-bg","26":"loop-entry"},"aioseo_notices":[],"brizy_media":[],"_links":{"self":[{"href":"https:\/\/mszerone.com\/fr\/wp-json\/wp\/v2\/product\/2959","targetHints":{"allow":["GET"]}}],"collection":[{"href":"https:\/\/mszerone.com\/fr\/wp-json\/wp\/v2\/product"}],"about":[{"href":"https:\/\/mszerone.com\/fr\/wp-json\/wp\/v2\/types\/product"}],"replies":[{"embeddable":true,"href":"https:\/\/mszerone.com\/fr\/wp-json\/wp\/v2\/comments?post=2959"}],"wp:featuredmedia":[{"embeddable":true,"href":"https:\/\/mszerone.com\/fr\/wp-json\/wp\/v2\/media\/3057"}],"wp:attachment":[{"href":"https:\/\/mszerone.com\/fr\/wp-json\/wp\/v2\/media?parent=2959"}],"wp:term":[{"taxonomy":"product_brand","embeddable":true,"href":"https:\/\/mszerone.com\/fr\/wp-json\/wp\/v2\/product_brand?post=2959"},{"taxonomy":"product_cat","embeddable":true,"href":"https:\/\/mszerone.com\/fr\/wp-json\/wp\/v2\/product_cat?post=2959"},{"taxonomy":"product_tag","embeddable":true,"href":"https:\/\/mszerone.com\/fr\/wp-json\/wp\/v2\/product_tag?post=2959"}],"curies":[{"name":"wp","href":"https:\/\/api.w.org\/{rel}","templated":true}]}}